{"id":10875,"date":"2022-03-16T19:02:39","date_gmt":"2022-03-16T18:02:39","guid":{"rendered":"https:\/\/www.azap.com\/our-support\/amelioration-processus"},"modified":"2022-03-16T19:05:22","modified_gmt":"2022-03-16T18:05:22","slug":"amelioration-processus","status":"publish","type":"page","link":"https:\/\/www.azap.com\/en\/our-support\/process-improvement","title":{"rendered":"Continuous process improvement offer"},"content":{"rendered":"<p>[et_pb_section fb_built=&#8221;1&#8243; module_id=&#8221;section_home&#8221; module_class=&#8221;accompagnement_home&#8221; _builder_version=&#8221;3.27.3&#8243; background_color=&#8221;rgba(255,255,255,0)&#8221; z_index_tablet=&#8221;500&#8243; box_shadow_horizontal_tablet=&#8221;0px&#8221; box_shadow_vertical_tablet=&#8221;0px&#8221; box_shadow_blur_tablet=&#8221;40px&#8221; box_shadow_spread_tablet=&#8221;0px&#8221; global_colors_info=&#8221;{}&#8221;][et_pb_row column_structure=&#8221;3_5,2_5&#8243; module_id=&#8221;ligne_home&#8221; _builder_version=&#8221;3.27.3&#8243; background_size=&#8221;initial&#8221; background_position=&#8221;top_left&#8221; background_repeat=&#8221;repeat&#8221; z_index_tablet=&#8221;500&#8243; box_shadow_horizontal_tablet=&#8221;0px&#8221; box_shadow_vertical_tablet=&#8221;0px&#8221; box_shadow_blur_tablet=&#8221;40px&#8221; box_shadow_spread_tablet=&#8221;0px&#8221; global_colors_info=&#8221;{}&#8221;][et_pb_column type=&#8221;3_5&#8243; _builder_version=&#8221;3.0.47&#8243; custom_padding=&#8221;|||&#8221; global_colors_info=&#8221;{}&#8221; custom_padding__hover=&#8221;|||&#8221;][et_pb_text admin_label=&#8221;Titre&#8221; _builder_version=&#8221;4.14.8&#8243; vertical_offset_tablet=&#8221;0&#8243; horizontal_offset_tablet=&#8221;0&#8243; hover_enabled=&#8221;0&#8243; z_index_tablet=&#8221;500&#8243; text_text_shadow_horizontal_length_tablet=&#8221;0px&#8221; text_text_shadow_vertical_length_tablet=&#8221;0px&#8221; text_text_shadow_blur_strength_tablet=&#8221;1px&#8221; link_text_shadow_horizontal_length_tablet=&#8221;0px&#8221; link_text_shadow_vertical_length_tablet=&#8221;0px&#8221; link_text_shadow_blur_strength_tablet=&#8221;1px&#8221; ul_text_shadow_horizontal_length_tablet=&#8221;0px&#8221; ul_text_shadow_vertical_length_tablet=&#8221;0px&#8221; ul_text_shadow_blur_strength_tablet=&#8221;1px&#8221; ol_text_shadow_horizontal_length_tablet=&#8221;0px&#8221; ol_text_shadow_vertical_length_tablet=&#8221;0px&#8221; ol_text_shadow_blur_strength_tablet=&#8221;1px&#8221; quote_text_shadow_horizontal_length_tablet=&#8221;0px&#8221; quote_text_shadow_vertical_length_tablet=&#8221;0px&#8221; quote_text_shadow_blur_strength_tablet=&#8221;1px&#8221; header_text_shadow_horizontal_length_tablet=&#8221;0px&#8221; header_text_shadow_vertical_length_tablet=&#8221;0px&#8221; header_text_shadow_blur_strength_tablet=&#8221;1px&#8221; header_2_text_shadow_horizontal_length_tablet=&#8221;0px&#8221; header_2_text_shadow_vertical_length_tablet=&#8221;0px&#8221; header_2_text_shadow_blur_strength_tablet=&#8221;1px&#8221; header_3_text_shadow_horizontal_length_tablet=&#8221;0px&#8221; header_3_text_shadow_vertical_length_tablet=&#8221;0px&#8221; header_3_text_shadow_blur_strength_tablet=&#8221;1px&#8221; header_4_text_shadow_horizontal_length_tablet=&#8221;0px&#8221; header_4_text_shadow_vertical_length_tablet=&#8221;0px&#8221; header_4_text_shadow_blur_strength_tablet=&#8221;1px&#8221; header_5_text_shadow_horizontal_length_tablet=&#8221;0px&#8221; header_5_text_shadow_vertical_length_tablet=&#8221;0px&#8221; header_5_text_shadow_blur_strength_tablet=&#8221;1px&#8221; header_6_text_shadow_horizontal_length_tablet=&#8221;0px&#8221; header_6_text_shadow_vertical_length_tablet=&#8221;0px&#8221; header_6_text_shadow_blur_strength_tablet=&#8221;1px&#8221; box_shadow_horizontal_tablet=&#8221;0px&#8221; box_shadow_vertical_tablet=&#8221;0px&#8221; box_shadow_blur_tablet=&#8221;40px&#8221; box_shadow_spread_tablet=&#8221;0px&#8221; global_colors_info=&#8221;{}&#8221; sticky_enabled=&#8221;0&#8243;]<\/p>\n<h1 style=\"text-align: left;\">Continuous process improvement offer<\/h1>\n<p id=\"tw-target-text\" class=\"tw-data-text tw-text-large tw-ta\" dir=\"ltr\" style=\"text-align: justify;\" data-placeholder=\"Traduction\"><span class=\"Y2IQFc\" lang=\"en\">Understanding the customer is at the heart of AZAP&#8217;s DNA and offer, combining business intelligence and software. Thanks to the AZAP Reporting module (PowerPivot\u00a9; PowerBI\u00a9), our customers can easily and quickly analyze the performance of installed modules and existing settings.<\/span><\/p>\n<p class=\"tw-data-text tw-text-large tw-ta\" dir=\"ltr\" style=\"text-align: justify;\" data-placeholder=\"Traduction\"><span class=\"Y2IQFc\" lang=\"en\">Based on this software assessment, AZAP consultants can work on each functional scope of Supply Chain logistics in order to assess the maturity of each process and propose the best configuration practices according to the type of product.<\/span><\/p>\n<p>[\/et_pb_text][\/et_pb_column][et_pb_column type=&#8221;2_5&#8243; _builder_version=&#8221;3.0.47&#8243; custom_padding=&#8221;|||&#8221; global_colors_info=&#8221;{}&#8221; custom_padding__hover=&#8221;|||&#8221;][et_pb_image src=&#8221;https:\/\/www.azap.com\/wp-content\/uploads\/2020\/03\/reunion-equipe-azap.jpg&#8221; alt=&#8221;R\u00e9union \u00e9quipe Azap&#8221; title_text=&#8221;reunion-equipe-azap&#8221; _builder_version=&#8221;4.14.8&#8243; _module_preset=&#8221;default&#8221; global_colors_info=&#8221;{}&#8221;][\/et_pb_image][\/et_pb_column][\/et_pb_row][et_pb_row _builder_version=&#8221;4.14.8&#8243; _module_preset=&#8221;default&#8221; global_colors_info=&#8221;{}&#8221;][et_pb_column type=&#8221;4_4&#8243; _builder_version=&#8221;4.14.8&#8243; _module_preset=&#8221;default&#8221; global_colors_info=&#8221;{}&#8221;][et_pb_text admin_label=&#8221;3 niveaux de service&#8221; _builder_version=&#8221;4.14.8&#8243; _module_preset=&#8221;default&#8221; global_colors_info=&#8221;{}&#8221;]<\/p>\n<h2 id=\"tw-target-text\" class=\"tw-data-text tw-text-large tw-ta\" dir=\"ltr\" data-placeholder=\"Traduction\"><span class=\"Y2IQFc\" lang=\"en\">AZAP&#8217;s service offer covers the 3 following functional scopes:<\/span><\/h2>\n<p>[\/et_pb_text][\/et_pb_column][\/et_pb_row][et_pb_row column_structure=&#8221;1_3,1_3,1_3&#8243; _builder_version=&#8221;4.14.8&#8243; _module_preset=&#8221;default&#8221; global_colors_info=&#8221;{}&#8221;][et_pb_column type=&#8221;1_3&#8243; _builder_version=&#8221;4.14.8&#8243; _module_preset=&#8221;default&#8221; global_colors_info=&#8221;{}&#8221;][et_pb_text admin_label=&#8221;3 niveaux de service&#8221; _builder_version=&#8221;4.14.8&#8243; _module_preset=&#8221;default&#8221; locked=&#8221;off&#8221; global_colors_info=&#8221;{}&#8221;]<\/p>\n<h3><strong>Forecast<\/strong><\/h3>\n<ul>\n<li>\n<p id=\"tw-target-text\" class=\"tw-data-text tw-text-large tw-ta\" dir=\"ltr\" data-placeholder=\"Traduction\"><span class=\"Y2IQFc\" lang=\"en\">Process Maturity Assessment <\/span><\/p>\n<\/li>\n<li>\n<p id=\"tw-target-text\" class=\"tw-data-text tw-text-large tw-ta\" dir=\"ltr\" data-placeholder=\"Traduction\"><span class=\"Y2IQFc\" lang=\"en\">Support for the implementation <\/span><\/p>\n<\/li>\n<li>\n<p id=\"tw-target-text\" class=\"tw-data-text tw-text-large tw-ta\" dir=\"ltr\" data-placeholder=\"Traduction\"><span class=\"Y2IQFc\" lang=\"en\">Benchmark of forecasting methods <\/span><\/p>\n<\/li>\n<li>\n<p id=\"tw-target-text\" class=\"tw-data-text tw-text-large tw-ta\" dir=\"ltr\" data-placeholder=\"Traduction\"><span class=\"Y2IQFc\" lang=\"en\">Forecast improvement mission <\/span><\/p>\n<\/li>\n<li>\n<p id=\"tw-target-text\" class=\"tw-data-text tw-text-large tw-ta\" dir=\"ltr\" data-placeholder=\"Traduction\"><span class=\"Y2IQFc\" lang=\"en\">Assistance with forecasting (managed services)<\/span><\/p>\n<\/li>\n<\/ul>\n<p><span data-contrast=\"none\">.<\/span><span data-ccp-props=\"{&quot;134233279&quot;:true,&quot;201341983&quot;:2,&quot;335559739&quot;:160,&quot;335559740&quot;:312}\">\u00a0<\/span>[\/et_pb_text][\/et_pb_column][et_pb_column type=&#8221;1_3&#8243; _builder_version=&#8221;4.14.8&#8243; _module_preset=&#8221;default&#8221; global_colors_info=&#8221;{}&#8221;][et_pb_text admin_label=&#8221;3 niveaux de service&#8221; _builder_version=&#8221;4.14.8&#8243; _module_preset=&#8221;default&#8221; locked=&#8221;off&#8221; global_colors_info=&#8221;{}&#8221;]<\/p>\n<h3 id=\"tw-target-text\" class=\"tw-data-text tw-text-large tw-ta\" dir=\"ltr\" data-placeholder=\"Traduction\"><span class=\"Y2IQFc\" lang=\"en\">Production Planning<\/span><\/h3>\n<ul>\n<li>\n<p id=\"tw-target-text\" class=\"tw-data-text tw-text-large tw-ta\" dir=\"ltr\" data-placeholder=\"Traduction\"><span class=\"Y2IQFc\" lang=\"en\">Optimization of production constraints<\/span><\/p>\n<\/li>\n<\/ul>\n<p>[\/et_pb_text][\/et_pb_column][et_pb_column type=&#8221;1_3&#8243; _builder_version=&#8221;4.14.8&#8243; _module_preset=&#8221;default&#8221; global_colors_info=&#8221;{}&#8221;][et_pb_text admin_label=&#8221;3 niveaux de service&#8221; _builder_version=&#8221;4.14.8&#8243; _module_preset=&#8221;default&#8221; locked=&#8221;off&#8221; global_colors_info=&#8221;{}&#8221;]<\/p>\n<h3>Procurement<\/h3>\n<ul>\n<li>Process Maturity Assessment<\/li>\n<li>Gait training<\/li>\n<li>Study of stock policies<\/li>\n<li>Study of supply conditions<\/li>\n<\/ul>\n<p><span data-contrast=\"none\">.<\/span><span data-ccp-props=\"{&quot;134233279&quot;:true,&quot;201341983&quot;:2,&quot;335559739&quot;:160,&quot;335559740&quot;:312}\">\u00a0<\/span>[\/et_pb_text][\/et_pb_column][\/et_pb_row][\/et_pb_section]<\/p>\n","protected":false},"excerpt":{"rendered":"<p>Continuous process improvement offer Understanding the customer is at the heart of AZAP&#8217;s DNA and offer, combining business intelligence and software. Thanks to the AZAP Reporting module (PowerPivot\u00a9; PowerBI\u00a9), our customers can easily and quickly analyze the performance of installed modules and existing settings. Based on this software assessment, AZAP consultants can work on each [&hellip;]<\/p>\n","protected":false},"author":594,"featured_media":0,"parent":3651,"menu_order":0,"comment_status":"closed","ping_status":"closed","template":"","meta":{"_et_pb_use_builder":"on","_et_pb_old_content":"<p>Comprendre le client est au c\u0153ur de l\u2019ADN et de l\u2019offre AZAP alliant intelligences m\u00e9tier et logicielle. Gr\u00e2ce au module\u00a0<strong>AZAP Reporting<\/strong>\u00a0(PowerPivot\u00a9 ; PowerBI\u00a9), nos clients peuvent analyser facilement et rapidement la performance des modules install\u00e9s et des param\u00e9trages existants.<\/p><p>\u00c0 partir de cette \u00e9valuation logicielle, les consultants d\u2019AZAP peuvent intervenir sur chaque p\u00e9rim\u00e8tre fonctionnel de la logistique Supply Chain afin d\u2019\u00e9valuer la maturit\u00e9 de chaque processus et de proposer les meilleures pratiques de param\u00e9trage selon la typologie de produits.<\/p><p>L\u2019offre de service d\u2019AZAP couvre les\u00a0<strong>3 p\u00e9rim\u00e8tres fonctionnels<\/strong>\u00a0suivants :<\/p><h3><strong>Pr\u00e9vision<\/strong><\/h3><ul><li>\u00c9valuation de la maturit\u00e9 du processus<\/li><li>Accompagnement \u00e0 la mise en place<\/li><li>Benchmark des m\u00e9thodes de pr\u00e9vision<\/li><li>Mission d\u2019am\u00e9lioration de la pr\u00e9vision<\/li><li>Aide \u00e0 la r\u00e9alisation de la pr\u00e9vision (managed services)<\/li><\/ul><h3><strong>Planification de Production<\/strong><\/h3><ul><li>Optimisation des contraintes de production<\/li><\/ul><h3><strong>Approvisionnement<\/strong><\/h3><ul><li>\u00c9valuation de maturit\u00e9 du processus<\/li><li>Formation \u00e0 la d\u00e9marche<\/li><li>Etude des politiques de stock<\/li><li>Etude des conditions d\u2019approvisionnement<\/li><\/ul>","_et_gb_content_width":"","content-type":"","_exactmetrics_skip_tracking":false,"_exactmetrics_sitenote_active":false,"_exactmetrics_sitenote_note":"","_exactmetrics_sitenote_category":0,"footnotes":""},"class_list":["post-10875","page","type-page","status-publish","hentry"],"yoast_head":"<!-- This site is optimized with the Yoast SEO Premium plugin v26.4 (Yoast SEO v27.4) - https:\/\/yoast.com\/product\/yoast-seo-premium-wordpress\/ -->\n<title>Continuous process improvement offer - AZAP<\/title>\n<meta name=\"description\" content=\"Thanks to the AZAP Reporting module, our customers can easily and quickly analyze the performance of the installed modules.\" \/>\n<meta name=\"robots\" content=\"index, follow, max-snippet:-1, max-image-preview:large, max-video-preview:-1\" \/>\n<link rel=\"canonical\" href=\"https:\/\/www.azap.com\/en\/our-support\/process-improvement\" \/>\n<meta property=\"og:locale\" content=\"en_US\" \/>\n<meta property=\"og:type\" content=\"article\" \/>\n<meta property=\"og:title\" content=\"Continuous process improvement offer\" \/>\n<meta property=\"og:description\" content=\"Thanks to the AZAP Reporting module, our customers can easily and quickly analyze the performance of the installed modules.\" \/>\n<meta property=\"og:url\" content=\"https:\/\/www.azap.com\/en\/our-support\/process-improvement\" \/>\n<meta property=\"og:site_name\" content=\"AZAP\" \/>\n<meta property=\"article:modified_time\" content=\"2022-03-16T18:05:22+00:00\" \/>\n<meta name=\"twitter:card\" content=\"summary_large_image\" \/>\n<meta name=\"twitter:site\" content=\"@azapsupplychain\" \/>\n<meta name=\"twitter:label1\" content=\"Est. reading time\" \/>\n\t<meta name=\"twitter:data1\" content=\"4 minutes\" \/>\n<script type=\"application\/ld+json\" class=\"yoast-schema-graph\">{\"@context\":\"https:\\\/\\\/schema.org\",\"@graph\":[{\"@type\":\"WebPage\",\"@id\":\"https:\\\/\\\/www.azap.com\\\/en\\\/our-support\\\/process-improvement\",\"url\":\"https:\\\/\\\/www.azap.com\\\/en\\\/our-support\\\/process-improvement\",\"name\":\"Continuous process improvement offer - AZAP\",\"isPartOf\":{\"@id\":\"https:\\\/\\\/www.azap.com\\\/#website\"},\"datePublished\":\"2022-03-16T18:02:39+00:00\",\"dateModified\":\"2022-03-16T18:05:22+00:00\",\"description\":\"Thanks to the AZAP Reporting module, our customers can easily and quickly analyze the performance of the installed modules.\",\"breadcrumb\":{\"@id\":\"https:\\\/\\\/www.azap.com\\\/en\\\/our-support\\\/process-improvement#breadcrumb\"},\"inLanguage\":\"en-US\",\"potentialAction\":[{\"@type\":\"ReadAction\",\"target\":[\"https:\\\/\\\/www.azap.com\\\/en\\\/our-support\\\/process-improvement\"]}]},{\"@type\":\"BreadcrumbList\",\"@id\":\"https:\\\/\\\/www.azap.com\\\/en\\\/our-support\\\/process-improvement#breadcrumb\",\"itemListElement\":[{\"@type\":\"ListItem\",\"position\":1,\"name\":\"Home\",\"item\":\"https:\\\/\\\/www.azap.com\\\/en\"},{\"@type\":\"ListItem\",\"position\":2,\"name\":\"Our support\",\"item\":\"https:\\\/\\\/www.azap.com\\\/en\\\/our-support\"},{\"@type\":\"ListItem\",\"position\":3,\"name\":\"Continuous process improvement offer\"}]},{\"@type\":\"WebSite\",\"@id\":\"https:\\\/\\\/www.azap.com\\\/#website\",\"url\":\"https:\\\/\\\/www.azap.com\\\/\",\"name\":\"AZAP\",\"description\":\"AZAP | Logiciel de Supply Chain Planning\",\"publisher\":{\"@id\":\"https:\\\/\\\/www.azap.com\\\/#organization\"},\"potentialAction\":[{\"@type\":\"SearchAction\",\"target\":{\"@type\":\"EntryPoint\",\"urlTemplate\":\"https:\\\/\\\/www.azap.com\\\/?s={search_term_string}\"},\"query-input\":{\"@type\":\"PropertyValueSpecification\",\"valueRequired\":true,\"valueName\":\"search_term_string\"}}],\"inLanguage\":\"en-US\"},{\"@type\":\"Organization\",\"@id\":\"https:\\\/\\\/www.azap.com\\\/#organization\",\"name\":\"AZAP\",\"url\":\"https:\\\/\\\/www.azap.com\\\/\",\"logo\":{\"@type\":\"ImageObject\",\"inLanguage\":\"en-US\",\"@id\":\"https:\\\/\\\/www.azap.com\\\/#\\\/schema\\\/logo\\\/image\\\/\",\"url\":\"https:\\\/\\\/www.azap.com\\\/wp-content\\\/uploads\\\/2021\\\/01\\\/AZAP_2020_new_logo_green_couleur_633x340px.png\",\"contentUrl\":\"https:\\\/\\\/www.azap.com\\\/wp-content\\\/uploads\\\/2021\\\/01\\\/AZAP_2020_new_logo_green_couleur_633x340px.png\",\"width\":633,\"height\":340,\"caption\":\"AZAP\"},\"image\":{\"@id\":\"https:\\\/\\\/www.azap.com\\\/#\\\/schema\\\/logo\\\/image\\\/\"},\"sameAs\":[\"https:\\\/\\\/x.com\\\/azapsupplychain\",\"https:\\\/\\\/www.linkedin.com\\\/company\\\/azap\\\/\"]}]}<\/script>\n<!-- \/ Yoast SEO Premium plugin. -->","yoast_head_json":{"title":"Continuous process improvement offer - AZAP","description":"Thanks to the AZAP Reporting module, our customers can easily and quickly analyze the performance of the installed modules.","robots":{"index":"index","follow":"follow","max-snippet":"max-snippet:-1","max-image-preview":"max-image-preview:large","max-video-preview":"max-video-preview:-1"},"canonical":"https:\/\/www.azap.com\/en\/our-support\/process-improvement","og_locale":"en_US","og_type":"article","og_title":"Continuous process improvement offer","og_description":"Thanks to the AZAP Reporting module, our customers can easily and quickly analyze the performance of the installed modules.","og_url":"https:\/\/www.azap.com\/en\/our-support\/process-improvement","og_site_name":"AZAP","article_modified_time":"2022-03-16T18:05:22+00:00","twitter_card":"summary_large_image","twitter_site":"@azapsupplychain","twitter_misc":{"Est. reading time":"4 minutes"},"schema":{"@context":"https:\/\/schema.org","@graph":[{"@type":"WebPage","@id":"https:\/\/www.azap.com\/en\/our-support\/process-improvement","url":"https:\/\/www.azap.com\/en\/our-support\/process-improvement","name":"Continuous process improvement offer - AZAP","isPartOf":{"@id":"https:\/\/www.azap.com\/#website"},"datePublished":"2022-03-16T18:02:39+00:00","dateModified":"2022-03-16T18:05:22+00:00","description":"Thanks to the AZAP Reporting module, our customers can easily and quickly analyze the performance of the installed modules.","breadcrumb":{"@id":"https:\/\/www.azap.com\/en\/our-support\/process-improvement#breadcrumb"},"inLanguage":"en-US","potentialAction":[{"@type":"ReadAction","target":["https:\/\/www.azap.com\/en\/our-support\/process-improvement"]}]},{"@type":"BreadcrumbList","@id":"https:\/\/www.azap.com\/en\/our-support\/process-improvement#breadcrumb","itemListElement":[{"@type":"ListItem","position":1,"name":"Home","item":"https:\/\/www.azap.com\/en"},{"@type":"ListItem","position":2,"name":"Our support","item":"https:\/\/www.azap.com\/en\/our-support"},{"@type":"ListItem","position":3,"name":"Continuous process improvement offer"}]},{"@type":"WebSite","@id":"https:\/\/www.azap.com\/#website","url":"https:\/\/www.azap.com\/","name":"AZAP","description":"AZAP | Logiciel de Supply Chain Planning","publisher":{"@id":"https:\/\/www.azap.com\/#organization"},"potentialAction":[{"@type":"SearchAction","target":{"@type":"EntryPoint","urlTemplate":"https:\/\/www.azap.com\/?s={search_term_string}"},"query-input":{"@type":"PropertyValueSpecification","valueRequired":true,"valueName":"search_term_string"}}],"inLanguage":"en-US"},{"@type":"Organization","@id":"https:\/\/www.azap.com\/#organization","name":"AZAP","url":"https:\/\/www.azap.com\/","logo":{"@type":"ImageObject","inLanguage":"en-US","@id":"https:\/\/www.azap.com\/#\/schema\/logo\/image\/","url":"https:\/\/www.azap.com\/wp-content\/uploads\/2021\/01\/AZAP_2020_new_logo_green_couleur_633x340px.png","contentUrl":"https:\/\/www.azap.com\/wp-content\/uploads\/2021\/01\/AZAP_2020_new_logo_green_couleur_633x340px.png","width":633,"height":340,"caption":"AZAP"},"image":{"@id":"https:\/\/www.azap.com\/#\/schema\/logo\/image\/"},"sameAs":["https:\/\/x.com\/azapsupplychain","https:\/\/www.linkedin.com\/company\/azap\/"]}]}},"_links":{"self":[{"href":"https:\/\/www.azap.com\/en\/wp-json\/wp\/v2\/pages\/10875","targetHints":{"allow":["GET"]}}],"collection":[{"href":"https:\/\/www.azap.com\/en\/wp-json\/wp\/v2\/pages"}],"about":[{"href":"https:\/\/www.azap.com\/en\/wp-json\/wp\/v2\/types\/page"}],"author":[{"embeddable":true,"href":"https:\/\/www.azap.com\/en\/wp-json\/wp\/v2\/users\/594"}],"replies":[{"embeddable":true,"href":"https:\/\/www.azap.com\/en\/wp-json\/wp\/v2\/comments?post=10875"}],"version-history":[{"count":7,"href":"https:\/\/www.azap.com\/en\/wp-json\/wp\/v2\/pages\/10875\/revisions"}],"predecessor-version":[{"id":10886,"href":"https:\/\/www.azap.com\/en\/wp-json\/wp\/v2\/pages\/10875\/revisions\/10886"}],"up":[{"embeddable":true,"href":"https:\/\/www.azap.com\/en\/wp-json\/wp\/v2\/pages\/3651"}],"wp:attachment":[{"href":"https:\/\/www.azap.com\/en\/wp-json\/wp\/v2\/media?parent=10875"}],"curies":[{"name":"wp","href":"https:\/\/api.w.org\/{rel}","templated":true}]}}